{"id":1815,"date":"2020-12-05T14:52:27","date_gmt":"2020-12-05T13:52:27","guid":{"rendered":"https:\/\/umanaloggia.it\/ungheria\/umana-lavabilefotocatalitica-igienizzante-per-respirare-aria-pulita-nella-tua-casa-copy-3\/"},"modified":"2020-12-05T15:27:40","modified_gmt":"2020-12-05T14:27:40","slug":"kapcsolat","status":"publish","type":"page","link":"https:\/\/umanaloggia.it\/ungheria\/kapcsolat\/","title":{"rendered":"Kapcsolat"},"content":{"rendered":"\t\t<div data-elementor-type=\"wp-page\" data-elementor-id=\"1815\" class=\"elementor elementor-1815\">\n\t\t\t\t\t\t<section class=\"elementor-section elementor-top-section elementor-element elementor-element-8db8ed4 elementor-section-full_width elementor-section-stretched elementor-section-height-default elementor-section-height-default\" data-id=\"8db8ed4\" data-element_type=\"section\" data-settings=\"{&quot;stretch_section&quot;:&quot;section-stretched&quot;}\">\n\t\t\t\t\t\t<div class=\"elementor-container elementor-column-gap-default\">\n\t\t\t\t\t<div class=\"elementor-column elementor-col-100 elementor-top-column elementor-element elementor-element-a3d2312\" data-id=\"a3d2312\" data-element_type=\"column\">\n\t\t\t<div class=\"elementor-widget-wrap elementor-element-populated\">\n\t\t\t\t\t\t<div class=\"elementor-element elementor-element-5e15da8 elementor-widget elementor-widget-image\" data-id=\"5e15da8\" data-element_type=\"widget\" data-widget_type=\"image.default\">\n\t\t\t\t<div class=\"elementor-widget-container\">\n\t\t\t\t\t\t\t\t\t\t\t\t\t\t\t<img fetchpriority=\"high\" decoding=\"async\" width=\"2560\" height=\"1239\" src=\"https:\/\/umanaloggia.it\/ungheria\/wp-content\/uploads\/2020\/10\/AdobeStock_82965666-scaled.jpeg\" class=\"attachment-full size-full wp-image-1409\" alt=\"\" srcset=\"https:\/\/umanaloggia.it\/ungheria\/wp-content\/uploads\/2020\/10\/AdobeStock_82965666-scaled.jpeg 2560w, https:\/\/umanaloggia.it\/ungheria\/wp-content\/uploads\/2020\/10\/AdobeStock_82965666-300x145.jpeg 300w, https:\/\/umanaloggia.it\/ungheria\/wp-content\/uploads\/2020\/10\/AdobeStock_82965666-1024x496.jpeg 1024w, https:\/\/umanaloggia.it\/ungheria\/wp-content\/uploads\/2020\/10\/AdobeStock_82965666-768x372.jpeg 768w, https:\/\/umanaloggia.it\/ungheria\/wp-content\/uploads\/2020\/10\/AdobeStock_82965666-1536x743.jpeg 1536w, https:\/\/umanaloggia.it\/ungheria\/wp-content\/uploads\/2020\/10\/AdobeStock_82965666-2048x991.jpeg 2048w, https:\/\/umanaloggia.it\/ungheria\/wp-content\/uploads\/2020\/10\/AdobeStock_82965666-350x169.jpeg 350w\" sizes=\"100vw\" \/>\t\t\t\t\t\t\t\t\t\t\t\t\t\t\t<\/div>\n\t\t\t\t<\/div>\n\t\t\t\t<div class=\"elementor-element elementor-element-a856e63 elementor-widget elementor-widget-spacer\" data-id=\"a856e63\" data-element_type=\"widget\" data-widget_type=\"spacer.default\">\n\t\t\t\t<div class=\"elementor-widget-container\">\n\t\t\t\t\t\t\t<div class=\"elementor-spacer\">\n\t\t\t<div class=\"elementor-spacer-inner\"><\/div>\n\t\t<\/div>\n\t\t\t\t\t\t<\/div>\n\t\t\t\t<\/div>\n\t\t\t\t\t<\/div>\n\t\t<\/div>\n\t\t\t\t\t<\/div>\n\t\t<\/section>\n\t\t\t\t<section class=\"elementor-section elementor-top-section elementor-element elementor-element-21b91f7 elementor-section-stretched elementor-section-full_width elementor-section-height-default elementor-section-height-default\" data-id=\"21b91f7\" data-element_type=\"section\" data-settings=\"{&quot;stretch_section&quot;:&quot;section-stretched&quot;,&quot;background_background&quot;:&quot;gradient&quot;}\">\n\t\t\t\t\t\t<div class=\"elementor-container elementor-column-gap-default\">\n\t\t\t\t\t<div class=\"elementor-column elementor-col-100 elementor-top-column elementor-element elementor-element-09c5b01\" data-id=\"09c5b01\" data-element_type=\"column\" data-settings=\"{&quot;background_background&quot;:&quot;gradient&quot;}\">\n\t\t\t<div class=\"elementor-widget-wrap elementor-element-populated\">\n\t\t\t\t\t\t<div class=\"elementor-element elementor-element-358e28c elementor-view-framed elementor-shape-circle elementor-widget elementor-widget-icon\" data-id=\"358e28c\" data-element_type=\"widget\" data-widget_type=\"icon.default\">\n\t\t\t\t<div class=\"elementor-widget-container\">\n\t\t\t\t\t\t\t<div class=\"elementor-icon-wrapper\">\n\t\t\t<div class=\"elementor-icon\">\n\t\t\t<i aria-hidden=\"true\" class=\"fas fa-paint-roller\"><\/i>\t\t\t<\/div>\n\t\t<\/div>\n\t\t\t\t\t\t<\/div>\n\t\t\t\t<\/div>\n\t\t\t\t<div class=\"elementor-element elementor-element-ecaa5b3 elementor-widget elementor-widget-heading\" data-id=\"ecaa5b3\" data-element_type=\"widget\" data-widget_type=\"heading.default\">\n\t\t\t\t<div class=\"elementor-widget-container\">\n\t\t\t\t\t<h2 class=\"elementor-heading-title elementor-size-default\">VEDD FEL VEL\u00dcNK A KAPCSOLATOT!<\/h2>\t\t\t\t<\/div>\n\t\t\t\t<\/div>\n\t\t\t\t<section class=\"elementor-section elementor-inner-section elementor-element elementor-element-20f57e5 elementor-section-boxed elementor-section-height-default elementor-section-height-default\" data-id=\"20f57e5\" data-element_type=\"section\" data-settings=\"{&quot;background_background&quot;:&quot;gradient&quot;}\">\n\t\t\t\t\t\t\t<div class=\"elementor-background-overlay\"><\/div>\n\t\t\t\t\t\t\t<div class=\"elementor-container elementor-column-gap-wide\">\n\t\t\t\t\t<div class=\"elementor-column elementor-col-50 elementor-inner-column elementor-element elementor-element-279583d\" data-id=\"279583d\" data-element_type=\"column\">\n\t\t\t<div class=\"elementor-widget-wrap elementor-element-populated\">\n\t\t\t\t\t\t<div class=\"elementor-element elementor-element-60c4f36 elementor-view-framed elementor-shape-circle elementor-widget elementor-widget-icon\" data-id=\"60c4f36\" data-element_type=\"widget\" data-widget_type=\"icon.default\">\n\t\t\t\t<div class=\"elementor-widget-container\">\n\t\t\t\t\t\t\t<div class=\"elementor-icon-wrapper\">\n\t\t\t<div class=\"elementor-icon\">\n\t\t\t<i aria-hidden=\"true\" class=\"fas fa-user-friends\"><\/i>\t\t\t<\/div>\n\t\t<\/div>\n\t\t\t\t\t\t<\/div>\n\t\t\t\t<\/div>\n\t\t\t\t<div class=\"elementor-element elementor-element-77fca2e elementor-widget elementor-widget-heading\" data-id=\"77fca2e\" data-element_type=\"widget\" data-widget_type=\"heading.default\">\n\t\t\t\t<div class=\"elementor-widget-container\">\n\t\t\t\t\t<h2 class=\"elementor-heading-title elementor-size-default\">EL\u00c9RHET\u0150S\u00c9GEINK<\/h2>\t\t\t\t<\/div>\n\t\t\t\t<\/div>\n\t\t\t\t<div class=\"elementor-element elementor-element-b855ac9 elementor-widget elementor-widget-text-editor\" data-id=\"b855ac9\" data-element_type=\"widget\" data-widget_type=\"text-editor.default\">\n\t\t\t\t<div class=\"elementor-widget-container\">\n\t\t\t\t\t\t\t\t\t<p>Keress meg minket az al\u00e1bbi el\u00e9rhet\u0151s\u00e9gek egyik\u00e9n! Az \u0171rlap kit\u00f6lt\u00e9s\u00e9vel m\u00e9g gyorsabban felteheted k\u00e9rd\u00e9seidet.<\/p>\t\t\t\t\t\t\t\t<\/div>\n\t\t\t\t<\/div>\n\t\t\t\t<div class=\"elementor-element elementor-element-90cd072 elementor-widget elementor-widget-text-editor\" data-id=\"90cd072\" data-element_type=\"widget\" data-widget_type=\"text-editor.default\">\n\t\t\t\t<div class=\"elementor-widget-container\">\n\t\t\t\t\t\t\t\t\t<p>+36 30 417 1819<\/p><p><span style=\"font-weight: 400;\">casati@casati.hu<\/span><\/p><p><span style=\"font-weight: 400;\">2335 Taksony, Ipartelep 1.<\/span><\/p>\t\t\t\t\t\t\t\t<\/div>\n\t\t\t\t<\/div>\n\t\t\t\t<div class=\"elementor-element elementor-element-d2d0085 elementor-view-default elementor-position-top elementor-mobile-position-top elementor-widget elementor-widget-icon-box\" data-id=\"d2d0085\" data-element_type=\"widget\" data-widget_type=\"icon-box.default\">\n\t\t\t\t<div class=\"elementor-widget-container\">\n\t\t\t\t\t\t\t<div class=\"elementor-icon-box-wrapper\">\n\n\t\t\t\t\t\t<div class=\"elementor-icon-box-icon\">\n\t\t\t\t<span  class=\"elementor-icon\">\n\t\t\t\t<i aria-hidden=\"true\" class=\"fas fa-newspaper\"><\/i>\t\t\t\t<\/span>\n\t\t\t<\/div>\n\t\t\t\n\t\t\t\t\t\t<div class=\"elementor-icon-box-content\">\n\n\t\t\t\t\t\t\t\t\t<h3 class=\"elementor-icon-box-title\">\n\t\t\t\t\t\t<span  >\n\t\t\t\t\t\t\tIRATKOZZ FEL\t\t\t\t\t\t<\/span>\n\t\t\t\t\t<\/h3>\n\t\t\t\t\n\t\t\t\t\t\t\t\t\t<p class=\"elementor-icon-box-description\">\n\t\t\t\t\t\tHa szeretn\u00e9l \u00e9rtes\u00fclni a leg\u00fajabb term\u00e9keinkr\u0151l akkor iratkozz fel h\u00edrlevel\u00fcnkre!\t\t\t\t\t<\/p>\n\t\t\t\t\n\t\t\t<\/div>\n\t\t\t\n\t\t<\/div>\n\t\t\t\t\t\t<\/div>\n\t\t\t\t<\/div>\n\t\t\t\t<div class=\"elementor-element elementor-element-caf27ae elementor-button-success elementor-align-center elementor-widget elementor-widget-button\" data-id=\"caf27ae\" data-element_type=\"widget\" data-widget_type=\"button.default\">\n\t\t\t\t<div class=\"elementor-widget-container\">\n\t\t\t\t\t\t\t\t\t<div class=\"elementor-button-wrapper\">\n\t\t\t\t\t<a class=\"elementor-button elementor-size-sm\" role=\"button\">\n\t\t\t\t\t\t<span class=\"elementor-button-content-wrapper\">\n\t\t\t\t\t\t<span class=\"elementor-button-icon\">\n\t\t\t\t<i aria-hidden=\"true\" class=\"fas fa-mail-bulk\"><\/i>\t\t\t<\/span>\n\t\t\t\t\t\t\t\t\t<span class=\"elementor-button-text\">Feliratkozom<\/span>\n\t\t\t\t\t<\/span>\n\t\t\t\t\t<\/a>\n\t\t\t\t<\/div>\n\t\t\t\t\t\t\t\t<\/div>\n\t\t\t\t<\/div>\n\t\t\t\t\t<\/div>\n\t\t<\/div>\n\t\t\t\t<div class=\"elementor-column elementor-col-50 elementor-inner-column elementor-element elementor-element-a17bc33\" data-id=\"a17bc33\" data-element_type=\"column\">\n\t\t\t<div class=\"elementor-widget-wrap elementor-element-populated\">\n\t\t\t\t\t\t<div class=\"elementor-element elementor-element-bf5a74c elementor-widget elementor-widget-wpforms\" data-id=\"bf5a74c\" data-element_type=\"widget\" data-widget_type=\"wpforms.default\">\n\t\t\t\t<div class=\"elementor-widget-container\">\n\t\t\t\t\t<div class=\"wpforms-container wpforms-container-full\" id=\"wpforms-1820\"><form id=\"wpforms-form-1820\" class=\"wpforms-validate wpforms-form\" data-formid=\"1820\" method=\"post\" enctype=\"multipart\/form-data\" action=\"\/ungheria\/wp-json\/wp\/v2\/pages\/1815\" data-token=\"ad4ccf2e7154420ccaa8424df5cc36d3\" data-token-time=\"1778979503\"><noscript class=\"wpforms-error-noscript\">Abilita JavaScript nel browser per completare questo modulo.<\/noscript><div class=\"wpforms-field-container\"><div id=\"wpforms-1820-field_0-container\" class=\"wpforms-field wpforms-field-name\" data-field-id=\"0\"><label class=\"wpforms-field-label\" for=\"wpforms-1820-field_0\">N\u00e9v <span class=\"wpforms-required-label\">*<\/span><\/label><input type=\"text\" id=\"wpforms-1820-field_0\" class=\"wpforms-field-medium wpforms-field-required\" name=\"wpforms[fields][0]\" required><\/div><div id=\"wpforms-1820-field_1-container\" class=\"wpforms-field wpforms-field-email\" data-field-id=\"1\"><label class=\"wpforms-field-label\" for=\"wpforms-1820-field_1\">Email c\u00edm <span class=\"wpforms-required-label\">*<\/span><\/label><input type=\"email\" id=\"wpforms-1820-field_1\" class=\"wpforms-field-medium wpforms-field-required\" name=\"wpforms[fields][1]\" spellcheck=\"false\" required><\/div><div id=\"wpforms-1820-field_3-container\" class=\"wpforms-field wpforms-field-text\" data-field-id=\"3\"><label class=\"wpforms-field-label\" for=\"wpforms-1820-field_3\">Telefonsz\u00e1m <span class=\"wpforms-required-label\">*<\/span><\/label><input type=\"text\" id=\"wpforms-1820-field_3\" class=\"wpforms-field-medium wpforms-field-required\" name=\"wpforms[fields][3]\" required><\/div><div id=\"wpforms-1820-field_2-container\" class=\"wpforms-field wpforms-field-textarea\" data-field-id=\"2\"><label class=\"wpforms-field-label\" for=\"wpforms-1820-field_2\">\u00dczenet\/K\u00e9rd\u00e9s <span class=\"wpforms-required-label\">*<\/span><\/label><textarea id=\"wpforms-1820-field_2\" class=\"wpforms-field-medium wpforms-field-required\" name=\"wpforms[fields][2]\" required><\/textarea><\/div><\/div><!-- .wpforms-field-container --><div class=\"wpforms-submit-container\" ><input type=\"hidden\" name=\"wpforms[id]\" value=\"1820\"><input type=\"hidden\" name=\"page_title\" value=\"\"><input type=\"hidden\" name=\"page_url\" value=\"https:\/\/umanaloggia.it\/ungheria\/wp-json\/wp\/v2\/pages\/1815\"><input type=\"hidden\" name=\"url_referer\" value=\"\"><button type=\"submit\" name=\"wpforms[submit]\" id=\"wpforms-submit-1820\" class=\"wpforms-submit\" data-alt-text=\"k\u00fcld\u00e9s folyamatban..\" data-submit-text=\"K\u00fcld\u00e9s\" aria-live=\"assertive\" value=\"wpforms-submit\">K\u00fcld\u00e9s<\/button><\/div><\/form><\/div>  <!-- .wpforms-container -->\t\t\t\t<\/div>\n\t\t\t\t<\/div>\n\t\t\t\t\t<\/div>\n\t\t<\/div>\n\t\t\t\t\t<\/div>\n\t\t<\/section>\n\t\t\t\t\t<\/div>\n\t\t<\/div>\n\t\t\t\t\t<\/div>\n\t\t<\/section>\n\t\t\t\t<section class=\"elementor-section elementor-top-section elementor-element elementor-element-d916098 elementor-section-stretched elementor-section-boxed elementor-section-height-default elementor-section-height-default\" data-id=\"d916098\" data-element_type=\"section\" data-settings=\"{&quot;stretch_section&quot;:&quot;section-stretched&quot;}\">\n\t\t\t\t\t\t<div class=\"elementor-container elementor-column-gap-default\">\n\t\t\t\t\t<div class=\"elementor-column elementor-col-100 elementor-top-column elementor-element elementor-element-68073cf\" data-id=\"68073cf\" data-element_type=\"column\">\n\t\t\t<div class=\"elementor-widget-wrap elementor-element-populated\">\n\t\t\t\t\t\t<div class=\"elementor-element elementor-element-1f701b5 elementor-widget elementor-widget-google_maps\" data-id=\"1f701b5\" data-element_type=\"widget\" data-widget_type=\"google_maps.default\">\n\t\t\t\t<div class=\"elementor-widget-container\">\n\t\t\t\t\t\t\t<div class=\"elementor-custom-embed\">\n\t\t\t<iframe loading=\"lazy\"\n\t\t\t\t\tsrc=\"https:\/\/maps.google.com\/maps?q=Hungary%2C%20Casati%20Color%20Fest%C3%A9k%20Kft.&#038;t=m&#038;z=10&#038;output=embed&#038;iwloc=near\"\n\t\t\t\t\ttitle=\"Hungary, Casati Color Fest\u00e9k Kft.\"\n\t\t\t\t\taria-label=\"Hungary, Casati Color Fest\u00e9k Kft.\"\n\t\t\t><\/iframe>\n\t\t<\/div>\n\t\t\t\t\t\t<\/div>\n\t\t\t\t<\/div>\n\t\t\t\t\t<\/div>\n\t\t<\/div>\n\t\t\t\t\t<\/div>\n\t\t<\/section>\n\t\t\t\t<section class=\"elementor-section elementor-top-section elementor-element elementor-element-963f5b7 elementor-section-boxed elementor-section-height-default elementor-section-height-default\" data-id=\"963f5b7\" data-element_type=\"section\">\n\t\t\t\t\t\t<div class=\"elementor-container elementor-column-gap-default\">\n\t\t\t\t\t<div class=\"elementor-column elementor-col-33 elementor-top-column elementor-element elementor-element-8a3360f\" data-id=\"8a3360f\" data-element_type=\"column\">\n\t\t\t<div class=\"elementor-widget-wrap elementor-element-populated\">\n\t\t\t\t\t\t<div class=\"elementor-element elementor-element-ba7c09b elementor-view-default elementor-widget elementor-widget-icon\" data-id=\"ba7c09b\" data-element_type=\"widget\" data-widget_type=\"icon.default\">\n\t\t\t\t<div class=\"elementor-widget-container\">\n\t\t\t\t\t\t\t<div class=\"elementor-icon-wrapper\">\n\t\t\t<a class=\"elementor-icon\" href=\"https:\/\/www.instagram.com\/casaticolorhungary\/\" target=\"_blank\">\n\t\t\t<i aria-hidden=\"true\" class=\"fab fa-instagram\"><\/i>\t\t\t<\/a>\n\t\t<\/div>\n\t\t\t\t\t\t<\/div>\n\t\t\t\t<\/div>\n\t\t\t\t\t<\/div>\n\t\t<\/div>\n\t\t\t\t<div class=\"elementor-column elementor-col-33 elementor-top-column elementor-element elementor-element-674d5bc\" data-id=\"674d5bc\" data-element_type=\"column\">\n\t\t\t<div class=\"elementor-widget-wrap elementor-element-populated\">\n\t\t\t\t\t\t<div class=\"elementor-element elementor-element-65f063d elementor-view-default elementor-widget elementor-widget-icon\" data-id=\"65f063d\" data-element_type=\"widget\" data-widget_type=\"icon.default\">\n\t\t\t\t<div class=\"elementor-widget-container\">\n\t\t\t\t\t\t\t<div class=\"elementor-icon-wrapper\">\n\t\t\t<a class=\"elementor-icon\" href=\"https:\/\/www.facebook.com\/casaticolorhungary\/?fb_dtsg_ag=AdyWq2ppBbwnPV8BzNo_jdbA682DIoBWP9XifQCflYMhFwAdwSDVYkjCGWhDYIyKGqvBFf1gy8jf9wgCLB0P9tLH9xcw\" target=\"_blank\">\n\t\t\t<i aria-hidden=\"true\" class=\"fab fa-facebook\"><\/i>\t\t\t<\/a>\n\t\t<\/div>\n\t\t\t\t\t\t<\/div>\n\t\t\t\t<\/div>\n\t\t\t\t\t<\/div>\n\t\t<\/div>\n\t\t\t\t<div class=\"elementor-column elementor-col-33 elementor-top-column elementor-element elementor-element-467ead5\" data-id=\"467ead5\" data-element_type=\"column\">\n\t\t\t<div class=\"elementor-widget-wrap elementor-element-populated\">\n\t\t\t\t\t\t<div class=\"elementor-element elementor-element-72b0d5a elementor-view-default elementor-widget elementor-widget-icon\" data-id=\"72b0d5a\" data-element_type=\"widget\" data-widget_type=\"icon.default\">\n\t\t\t\t<div class=\"elementor-widget-container\">\n\t\t\t\t\t\t\t<div class=\"elementor-icon-wrapper\">\n\t\t\t<a class=\"elementor-icon\" href=\"https:\/\/www.youtube.com\/channel\/UCnwG42xFnkJ07Iw5nrGBcHQ\">\n\t\t\t<i aria-hidden=\"true\" class=\"fab fa-youtube\"><\/i>\t\t\t<\/a>\n\t\t<\/div>\n\t\t\t\t\t\t<\/div>\n\t\t\t\t<\/div>\n\t\t\t\t\t<\/div>\n\t\t<\/div>\n\t\t\t\t\t<\/div>\n\t\t<\/section>\n\t\t\t\t<\/div>\n\t\t","protected":false},"excerpt":{"rendered":"<p>VEDD FEL VEL\u00dcNK A KAPCSOLATOT! EL\u00c9RHET\u0150S\u00c9GEINK Keress meg minket az al\u00e1bbi el\u00e9rhet\u0151s\u00e9gek egyik\u00e9n! Az \u0171rlap kit\u00f6lt\u00e9s\u00e9vel m\u00e9g gyorsabban felteheted k\u00e9rd\u00e9seidet. +36 30 417 1819 casati@casati.hu 2335 Taksony, Ipartelep 1. IRATKOZZ &hellip; <\/p>\n<p class=\"link-more\"><a href=\"https:\/\/umanaloggia.it\/ungheria\/kapcsolat\/\" class=\"more-link\">Leggi tutto<span class=\"screen-reader-text\"> &#8220;Kapcsolat&#8221;<\/span><\/a><\/p>\n","protected":false},"author":1,"featured_media":0,"parent":0,"menu_order":0,"comment_status":"closed","ping_status":"closed","template":"","meta":{"footnotes":""},"class_list":["post-1815","page","type-page","status-publish","hentry"],"yoast_head":"<!-- This site is optimized with the Yoast SEO plugin v24.6 - https:\/\/yoast.com\/wordpress\/plugins\/seo\/ -->\n<title>Umana - Pittura Fotocatalitica - Inquinamento Indoor - inquinamento aria<\/title>\n<meta name=\"description\" content=\"La risposta naturale per distruggere lo smog in una tinta Lavabile,Fotocatalitica, Igienizzante, per respirare aria pulita nella tua casa.\" \/>\n<meta name=\"robots\" content=\"index, follow, max-snippet:-1, max-image-preview:large, max-video-preview:-1\" \/>\n<link rel=\"canonical\" href=\"https:\/\/umanaloggia.it\/ungheria\/kapcsolat\/\" \/>\n<meta property=\"og:locale\" content=\"it_IT\" \/>\n<meta property=\"og:type\" content=\"article\" \/>\n<meta property=\"og:title\" content=\"Umana - Pittura Fotocatalitica - Inquinamento Indoor - inquinamento aria\" \/>\n<meta property=\"og:description\" content=\"La risposta naturale per distruggere lo smog in una tinta Lavabile,Fotocatalitica, Igienizzante, per respirare aria pulita nella tua casa.\" \/>\n<meta property=\"og:url\" content=\"https:\/\/umanaloggia.it\/ungheria\/kapcsolat\/\" \/>\n<meta property=\"og:site_name\" content=\"UMANA\" \/>\n<meta property=\"article:modified_time\" content=\"2020-12-05T14:27:40+00:00\" \/>\n<meta property=\"og:image\" content=\"https:\/\/umanaloggia.it\/ungheria\/wp-content\/uploads\/2020\/10\/AdobeStock_82965666-scaled.jpeg\" \/>\n<meta name=\"twitter:card\" content=\"summary_large_image\" \/>\n<script type=\"application\/ld+json\" class=\"yoast-schema-graph\">{\"@context\":\"https:\/\/schema.org\",\"@graph\":[{\"@type\":\"WebPage\",\"@id\":\"https:\/\/umanaloggia.it\/ungheria\/kapcsolat\/\",\"url\":\"https:\/\/umanaloggia.it\/ungheria\/kapcsolat\/\",\"name\":\"Umana - Pittura Fotocatalitica - Inquinamento Indoor - inquinamento aria\",\"isPartOf\":{\"@id\":\"https:\/\/umanaloggia.it\/ungheria\/#website\"},\"primaryImageOfPage\":{\"@id\":\"https:\/\/umanaloggia.it\/ungheria\/kapcsolat\/#primaryimage\"},\"image\":{\"@id\":\"https:\/\/umanaloggia.it\/ungheria\/kapcsolat\/#primaryimage\"},\"thumbnailUrl\":\"https:\/\/umanaloggia.it\/ungheria\/wp-content\/uploads\/2020\/10\/AdobeStock_82965666-scaled.jpeg\",\"datePublished\":\"2020-12-05T13:52:27+00:00\",\"dateModified\":\"2020-12-05T14:27:40+00:00\",\"description\":\"La risposta naturale per distruggere lo smog in una tinta Lavabile,Fotocatalitica, Igienizzante, per respirare aria pulita nella tua casa.\",\"breadcrumb\":{\"@id\":\"https:\/\/umanaloggia.it\/ungheria\/kapcsolat\/#breadcrumb\"},\"inLanguage\":\"it-IT\",\"potentialAction\":[{\"@type\":\"ReadAction\",\"target\":[\"https:\/\/umanaloggia.it\/ungheria\/kapcsolat\/\"]}]},{\"@type\":\"ImageObject\",\"inLanguage\":\"it-IT\",\"@id\":\"https:\/\/umanaloggia.it\/ungheria\/kapcsolat\/#primaryimage\",\"url\":\"https:\/\/umanaloggia.it\/ungheria\/wp-content\/uploads\/2020\/10\/AdobeStock_82965666-scaled.jpeg\",\"contentUrl\":\"https:\/\/umanaloggia.it\/ungheria\/wp-content\/uploads\/2020\/10\/AdobeStock_82965666-scaled.jpeg\",\"width\":2560,\"height\":1239,\"caption\":\"real estate and family home concept - closeup picture of male and female hands holding green blank paper house\"},{\"@type\":\"BreadcrumbList\",\"@id\":\"https:\/\/umanaloggia.it\/ungheria\/kapcsolat\/#breadcrumb\",\"itemListElement\":[{\"@type\":\"ListItem\",\"position\":1,\"name\":\"Home\",\"item\":\"https:\/\/umanaloggia.it\/ungheria\/\"},{\"@type\":\"ListItem\",\"position\":2,\"name\":\"Kapcsolat\"}]},{\"@type\":\"WebSite\",\"@id\":\"https:\/\/umanaloggia.it\/ungheria\/#website\",\"url\":\"https:\/\/umanaloggia.it\/ungheria\/\",\"name\":\"UMANA\",\"description\":\"Tiszta leveg\u0151 az otthonodban\",\"publisher\":{\"@id\":\"https:\/\/umanaloggia.it\/ungheria\/#organization\"},\"potentialAction\":[{\"@type\":\"SearchAction\",\"target\":{\"@type\":\"EntryPoint\",\"urlTemplate\":\"https:\/\/umanaloggia.it\/ungheria\/?s={search_term_string}\"},\"query-input\":{\"@type\":\"PropertyValueSpecification\",\"valueRequired\":true,\"valueName\":\"search_term_string\"}}],\"inLanguage\":\"it-IT\"},{\"@type\":\"Organization\",\"@id\":\"https:\/\/umanaloggia.it\/ungheria\/#organization\",\"name\":\"UMANA\",\"url\":\"https:\/\/umanaloggia.it\/ungheria\/\",\"logo\":{\"@type\":\"ImageObject\",\"inLanguage\":\"it-IT\",\"@id\":\"https:\/\/umanaloggia.it\/ungheria\/#\/schema\/logo\/image\/\",\"url\":\"https:\/\/umanaloggia.it\/ungheria\/wp-content\/uploads\/2020\/04\/cropped-logo_UMANA_Bianco.png\",\"contentUrl\":\"https:\/\/umanaloggia.it\/ungheria\/wp-content\/uploads\/2020\/04\/cropped-logo_UMANA_Bianco.png\",\"width\":1888,\"height\":250,\"caption\":\"UMANA\"},\"image\":{\"@id\":\"https:\/\/umanaloggia.it\/ungheria\/#\/schema\/logo\/image\/\"}}]}<\/script>\n<!-- \/ Yoast SEO plugin. -->","yoast_head_json":{"title":"Umana - Pittura Fotocatalitica - Inquinamento Indoor - inquinamento aria","description":"La risposta naturale per distruggere lo smog in una tinta Lavabile,Fotocatalitica, Igienizzante, per respirare aria pulita nella tua casa.","robots":{"index":"index","follow":"follow","max-snippet":"max-snippet:-1","max-image-preview":"max-image-preview:large","max-video-preview":"max-video-preview:-1"},"canonical":"https:\/\/umanaloggia.it\/ungheria\/kapcsolat\/","og_locale":"it_IT","og_type":"article","og_title":"Umana - Pittura Fotocatalitica - Inquinamento Indoor - inquinamento aria","og_description":"La risposta naturale per distruggere lo smog in una tinta Lavabile,Fotocatalitica, Igienizzante, per respirare aria pulita nella tua casa.","og_url":"https:\/\/umanaloggia.it\/ungheria\/kapcsolat\/","og_site_name":"UMANA","article_modified_time":"2020-12-05T14:27:40+00:00","og_image":[{"url":"https:\/\/umanaloggia.it\/ungheria\/wp-content\/uploads\/2020\/10\/AdobeStock_82965666-scaled.jpeg","type":"","width":"","height":""}],"twitter_card":"summary_large_image","schema":{"@context":"https:\/\/schema.org","@graph":[{"@type":"WebPage","@id":"https:\/\/umanaloggia.it\/ungheria\/kapcsolat\/","url":"https:\/\/umanaloggia.it\/ungheria\/kapcsolat\/","name":"Umana - Pittura Fotocatalitica - Inquinamento Indoor - inquinamento aria","isPartOf":{"@id":"https:\/\/umanaloggia.it\/ungheria\/#website"},"primaryImageOfPage":{"@id":"https:\/\/umanaloggia.it\/ungheria\/kapcsolat\/#primaryimage"},"image":{"@id":"https:\/\/umanaloggia.it\/ungheria\/kapcsolat\/#primaryimage"},"thumbnailUrl":"https:\/\/umanaloggia.it\/ungheria\/wp-content\/uploads\/2020\/10\/AdobeStock_82965666-scaled.jpeg","datePublished":"2020-12-05T13:52:27+00:00","dateModified":"2020-12-05T14:27:40+00:00","description":"La risposta naturale per distruggere lo smog in una tinta Lavabile,Fotocatalitica, Igienizzante, per respirare aria pulita nella tua casa.","breadcrumb":{"@id":"https:\/\/umanaloggia.it\/ungheria\/kapcsolat\/#breadcrumb"},"inLanguage":"it-IT","potentialAction":[{"@type":"ReadAction","target":["https:\/\/umanaloggia.it\/ungheria\/kapcsolat\/"]}]},{"@type":"ImageObject","inLanguage":"it-IT","@id":"https:\/\/umanaloggia.it\/ungheria\/kapcsolat\/#primaryimage","url":"https:\/\/umanaloggia.it\/ungheria\/wp-content\/uploads\/2020\/10\/AdobeStock_82965666-scaled.jpeg","contentUrl":"https:\/\/umanaloggia.it\/ungheria\/wp-content\/uploads\/2020\/10\/AdobeStock_82965666-scaled.jpeg","width":2560,"height":1239,"caption":"real estate and family home concept - closeup picture of male and female hands holding green blank paper house"},{"@type":"BreadcrumbList","@id":"https:\/\/umanaloggia.it\/ungheria\/kapcsolat\/#breadcrumb","itemListElement":[{"@type":"ListItem","position":1,"name":"Home","item":"https:\/\/umanaloggia.it\/ungheria\/"},{"@type":"ListItem","position":2,"name":"Kapcsolat"}]},{"@type":"WebSite","@id":"https:\/\/umanaloggia.it\/ungheria\/#website","url":"https:\/\/umanaloggia.it\/ungheria\/","name":"UMANA","description":"Tiszta leveg\u0151 az otthonodban","publisher":{"@id":"https:\/\/umanaloggia.it\/ungheria\/#organization"},"potentialAction":[{"@type":"SearchAction","target":{"@type":"EntryPoint","urlTemplate":"https:\/\/umanaloggia.it\/ungheria\/?s={search_term_string}"},"query-input":{"@type":"PropertyValueSpecification","valueRequired":true,"valueName":"search_term_string"}}],"inLanguage":"it-IT"},{"@type":"Organization","@id":"https:\/\/umanaloggia.it\/ungheria\/#organization","name":"UMANA","url":"https:\/\/umanaloggia.it\/ungheria\/","logo":{"@type":"ImageObject","inLanguage":"it-IT","@id":"https:\/\/umanaloggia.it\/ungheria\/#\/schema\/logo\/image\/","url":"https:\/\/umanaloggia.it\/ungheria\/wp-content\/uploads\/2020\/04\/cropped-logo_UMANA_Bianco.png","contentUrl":"https:\/\/umanaloggia.it\/ungheria\/wp-content\/uploads\/2020\/04\/cropped-logo_UMANA_Bianco.png","width":1888,"height":250,"caption":"UMANA"},"image":{"@id":"https:\/\/umanaloggia.it\/ungheria\/#\/schema\/logo\/image\/"}}]}},"_links":{"self":[{"href":"https:\/\/umanaloggia.it\/ungheria\/wp-json\/wp\/v2\/pages\/1815","targetHints":{"allow":["GET"]}}],"collection":[{"href":"https:\/\/umanaloggia.it\/ungheria\/wp-json\/wp\/v2\/pages"}],"about":[{"href":"https:\/\/umanaloggia.it\/ungheria\/wp-json\/wp\/v2\/types\/page"}],"author":[{"embeddable":true,"href":"https:\/\/umanaloggia.it\/ungheria\/wp-json\/wp\/v2\/users\/1"}],"replies":[{"embeddable":true,"href":"https:\/\/umanaloggia.it\/ungheria\/wp-json\/wp\/v2\/comments?post=1815"}],"version-history":[{"count":16,"href":"https:\/\/umanaloggia.it\/ungheria\/wp-json\/wp\/v2\/pages\/1815\/revisions"}],"predecessor-version":[{"id":1837,"href":"https:\/\/umanaloggia.it\/ungheria\/wp-json\/wp\/v2\/pages\/1815\/revisions\/1837"}],"wp:attachment":[{"href":"https:\/\/umanaloggia.it\/ungheria\/wp-json\/wp\/v2\/media?parent=1815"}],"curies":[{"name":"wp","href":"https:\/\/api.w.org\/{rel}","templated":true}]}}